{"id":141079,"date":"2025-02-14T13:48:15","date_gmt":"2025-02-14T13:48:15","guid":{"rendered":"http:\/\/palorosa.com\/fr\/producto\/perfil-pvc-marmol-rustico-gris\/"},"modified":"2025-04-24T11:22:01","modified_gmt":"2025-04-24T11:22:01","slug":"perfil-pvc-marmol-rustico-gris","status":"publish","type":"product","link":"https:\/\/palorosa.com\/fr\/producto\/perfil-pvc-marmol-rustico-gris\/","title":{"rendered":"Perfil PVC M\u00e1rmol R\u00fastico Gris"},"content":{"rendered":"","protected":false},"excerpt":{"rendered":"<p>Perfil curvado en PVC utilizado para proteger y decorar, aporta resisitenciaAplicaci\u00f3n como listelo decorativo. De f\u00e1cil colocaci\u00f3n en \u00e1ngulo exterior formado por los azulejos. Remate de encimeras, protector de cantos tanto en horizontal como vertical.<\/p>\n","protected":false},"featured_media":141545,"template":"","meta":[],"product_cat":[1294],"product_tag":[1397],"_links":{"self":[{"href":"https:\/\/palorosa.com\/fr\/wp-json\/wp\/v2\/product\/141079"}],"collection":[{"href":"https:\/\/palorosa.com\/fr\/wp-json\/wp\/v2\/product"}],"about":[{"href":"https:\/\/palorosa.com\/fr\/wp-json\/wp\/v2\/types\/product"}],"wp:featuredmedia":[{"embeddable":true,"href":"https:\/\/palorosa.com\/fr\/wp-json\/wp\/v2\/media\/141545"}],"wp:attachment":[{"href":"https:\/\/palorosa.com\/fr\/wp-json\/wp\/v2\/media?parent=141079"}],"wp:term":[{"taxonomy":"product_cat","embeddable":true,"href":"https:\/\/palorosa.com\/fr\/wp-json\/wp\/v2\/product_cat?post=141079"},{"taxonomy":"product_tag","embeddable":true,"href":"https:\/\/palorosa.com\/fr\/wp-json\/wp\/v2\/product_tag?post=141079"}],"curies":[{"name":"wp","href":"https:\/\/api.w.org\/{rel}","templated":true}]}}