{"id":141073,"date":"2025-02-14T13:48:14","date_gmt":"2025-02-14T13:48:14","guid":{"rendered":"http:\/\/palorosa.com\/fr\/producto\/perfil-pvc-marmol-marron-claro\/"},"modified":"2025-04-24T11:21:59","modified_gmt":"2025-04-24T11:21:59","slug":"perfil-pvc-marmol-marron-claro","status":"publish","type":"product","link":"https:\/\/palorosa.com\/fr\/producto\/perfil-pvc-marmol-marron-claro\/","title":{"rendered":"Perfil PVC M\u00e1rmol Marr\u00f3n Claro"},"content":{"rendered":"","protected":false},"excerpt":{"rendered":"<p>Perfil curvado en PVC utilizado para proteger y decorar, aporta resisitenciaAplicaci\u00f3n como listelo decorativo. De f\u00e1cil colocaci\u00f3n en \u00e1ngulo exterior formado por los azulejos. Remate de encimeras, protector de cantos tanto en horizontal como vertical.<\/p>\n","protected":false},"featured_media":141539,"template":"","meta":[],"product_cat":[1294],"product_tag":[1397],"_links":{"self":[{"href":"https:\/\/palorosa.com\/fr\/wp-json\/wp\/v2\/product\/141073"}],"collection":[{"href":"https:\/\/palorosa.com\/fr\/wp-json\/wp\/v2\/product"}],"about":[{"href":"https:\/\/palorosa.com\/fr\/wp-json\/wp\/v2\/types\/product"}],"wp:featuredmedia":[{"embeddable":true,"href":"https:\/\/palorosa.com\/fr\/wp-json\/wp\/v2\/media\/141539"}],"wp:attachment":[{"href":"https:\/\/palorosa.com\/fr\/wp-json\/wp\/v2\/media?parent=141073"}],"wp:term":[{"taxonomy":"product_cat","embeddable":true,"href":"https:\/\/palorosa.com\/fr\/wp-json\/wp\/v2\/product_cat?post=141073"},{"taxonomy":"product_tag","embeddable":true,"href":"https:\/\/palorosa.com\/fr\/wp-json\/wp\/v2\/product_tag?post=141073"}],"curies":[{"name":"wp","href":"https:\/\/api.w.org\/{rel}","templated":true}]}}