{"id":141027,"date":"2025-02-14T13:48:07","date_gmt":"2025-02-14T13:48:07","guid":{"rendered":"http:\/\/palorosa.com\/fr\/producto\/perfil-aluminio\/"},"modified":"2025-04-24T11:21:50","modified_gmt":"2025-04-24T11:21:50","slug":"perfil-aluminio","status":"publish","type":"product","link":"https:\/\/palorosa.com\/fr\/producto\/perfil-aluminio\/","title":{"rendered":"Perfil Aluminio"},"content":{"rendered":"","protected":false},"excerpt":{"rendered":"<p>Perfil curvado en aluminio utilizado para proteger y decorar. De f\u00e1cil colocaci\u00f3n en \u00e1ngulo exterior formado por los azulejos. Material protegido individualmente.<\/p>\n","protected":false},"featured_media":141493,"template":"","meta":[],"product_cat":[1294],"product_tag":[1301],"_links":{"self":[{"href":"https:\/\/palorosa.com\/fr\/wp-json\/wp\/v2\/product\/141027"}],"collection":[{"href":"https:\/\/palorosa.com\/fr\/wp-json\/wp\/v2\/product"}],"about":[{"href":"https:\/\/palorosa.com\/fr\/wp-json\/wp\/v2\/types\/product"}],"wp:featuredmedia":[{"embeddable":true,"href":"https:\/\/palorosa.com\/fr\/wp-json\/wp\/v2\/media\/141493"}],"wp:attachment":[{"href":"https:\/\/palorosa.com\/fr\/wp-json\/wp\/v2\/media?parent=141027"}],"wp:term":[{"taxonomy":"product_cat","embeddable":true,"href":"https:\/\/palorosa.com\/fr\/wp-json\/wp\/v2\/product_cat?post=141027"},{"taxonomy":"product_tag","embeddable":true,"href":"https:\/\/palorosa.com\/fr\/wp-json\/wp\/v2\/product_tag?post=141027"}],"curies":[{"name":"wp","href":"https:\/\/api.w.org\/{rel}","templated":true}]}}