{"id":141026,"date":"2025-02-14T13:48:07","date_gmt":"2025-02-14T13:48:07","guid":{"rendered":"http:\/\/palorosa.com\/fr\/producto\/perfil-acero-inoxidable\/"},"modified":"2025-04-24T11:21:50","modified_gmt":"2025-04-24T11:21:50","slug":"perfil-acero-inoxidable","status":"publish","type":"product","link":"https:\/\/palorosa.com\/fr\/producto\/perfil-acero-inoxidable\/","title":{"rendered":"Perfil Acero Inoxidable"},"content":{"rendered":"","protected":false},"excerpt":{"rendered":"<p>Perfil curvado en acero utilizado para proteger y decorar, de alta resistencia a ralladuras, indicado para zonas de alto tr\u00e1nsito. De f\u00e1cil colocaci\u00f3n en \u00e1ngulo exterior formado por los azulejos. Material protegido por film.<\/p>\n","protected":false},"featured_media":141492,"template":"","meta":[],"product_cat":[1294],"product_tag":[1297],"_links":{"self":[{"href":"https:\/\/palorosa.com\/fr\/wp-json\/wp\/v2\/product\/141026"}],"collection":[{"href":"https:\/\/palorosa.com\/fr\/wp-json\/wp\/v2\/product"}],"about":[{"href":"https:\/\/palorosa.com\/fr\/wp-json\/wp\/v2\/types\/product"}],"wp:featuredmedia":[{"embeddable":true,"href":"https:\/\/palorosa.com\/fr\/wp-json\/wp\/v2\/media\/141492"}],"wp:attachment":[{"href":"https:\/\/palorosa.com\/fr\/wp-json\/wp\/v2\/media?parent=141026"}],"wp:term":[{"taxonomy":"product_cat","embeddable":true,"href":"https:\/\/palorosa.com\/fr\/wp-json\/wp\/v2\/product_cat?post=141026"},{"taxonomy":"product_tag","embeddable":true,"href":"https:\/\/palorosa.com\/fr\/wp-json\/wp\/v2\/product_tag?post=141026"}],"curies":[{"name":"wp","href":"https:\/\/api.w.org\/{rel}","templated":true}]}}