{"id":142471,"date":"2025-02-14T12:34:08","date_gmt":"2025-02-14T12:34:08","guid":{"rendered":"http:\/\/palorosa.com\/en\/producto\/perfil-pvc-gris-claro\/"},"modified":"2025-04-24T11:20:04","modified_gmt":"2025-04-24T11:20:04","slug":"perfil-pvc-gris-claro","status":"publish","type":"product","link":"https:\/\/palorosa.com\/en\/producto\/perfil-pvc-gris-claro\/","title":{"rendered":"Perfil PVC Gris Claro"},"content":{"rendered":"","protected":false},"excerpt":{"rendered":"<p>Perfil curvado en PVC utilizado para proteger y decorar, aporta resisitenciaAplicaci\u00f3n como listelo decorativo. De f\u00e1cil colocaci\u00f3n en \u00e1ngulo exterior formado por los azulejos. Remate de encimeras, protector de cantos tanto en horizontal como vertical.<\/p>\n","protected":false},"featured_media":142937,"template":"","meta":[],"product_cat":[1294],"product_tag":[1397],"_links":{"self":[{"href":"https:\/\/palorosa.com\/en\/wp-json\/wp\/v2\/product\/142471"}],"collection":[{"href":"https:\/\/palorosa.com\/en\/wp-json\/wp\/v2\/product"}],"about":[{"href":"https:\/\/palorosa.com\/en\/wp-json\/wp\/v2\/types\/product"}],"wp:featuredmedia":[{"embeddable":true,"href":"https:\/\/palorosa.com\/en\/wp-json\/wp\/v2\/media\/142937"}],"wp:attachment":[{"href":"https:\/\/palorosa.com\/en\/wp-json\/wp\/v2\/media?parent=142471"}],"wp:term":[{"taxonomy":"product_cat","embeddable":true,"href":"https:\/\/palorosa.com\/en\/wp-json\/wp\/v2\/product_cat?post=142471"},{"taxonomy":"product_tag","embeddable":true,"href":"https:\/\/palorosa.com\/en\/wp-json\/wp\/v2\/product_tag?post=142471"}],"curies":[{"name":"wp","href":"https:\/\/api.w.org\/{rel}","templated":true}]}}