{"id":142452,"date":"2025-02-14T12:34:04","date_gmt":"2025-02-14T12:34:04","guid":{"rendered":"http:\/\/palorosa.com\/en\/producto\/perfil-aluminio-tipo-l\/"},"modified":"2025-04-24T11:19:59","modified_gmt":"2025-04-24T11:19:59","slug":"perfil-aluminio-tipo-l","status":"publish","type":"product","link":"https:\/\/palorosa.com\/en\/producto\/perfil-aluminio-tipo-l\/","title":{"rendered":"Perfil Aluminio Tipo L"},"content":{"rendered":"","protected":false},"excerpt":{"rendered":"<p>Fabricado en Aluminio, protege y decora las esquinas de instalaciones cer\u00e1micas evitando as\u00ed da\u00f1os mec\u00e1nicos y aumentando su durabilidad,.<\/p>\n","protected":false},"featured_media":142918,"template":"","meta":[],"product_cat":[1294],"product_tag":[1301],"_links":{"self":[{"href":"https:\/\/palorosa.com\/en\/wp-json\/wp\/v2\/product\/142452"}],"collection":[{"href":"https:\/\/palorosa.com\/en\/wp-json\/wp\/v2\/product"}],"about":[{"href":"https:\/\/palorosa.com\/en\/wp-json\/wp\/v2\/types\/product"}],"wp:featuredmedia":[{"embeddable":true,"href":"https:\/\/palorosa.com\/en\/wp-json\/wp\/v2\/media\/142918"}],"wp:attachment":[{"href":"https:\/\/palorosa.com\/en\/wp-json\/wp\/v2\/media?parent=142452"}],"wp:term":[{"taxonomy":"product_cat","embeddable":true,"href":"https:\/\/palorosa.com\/en\/wp-json\/wp\/v2\/product_cat?post=142452"},{"taxonomy":"product_tag","embeddable":true,"href":"https:\/\/palorosa.com\/en\/wp-json\/wp\/v2\/product_tag?post=142452"}],"curies":[{"name":"wp","href":"https:\/\/api.w.org\/{rel}","templated":true}]}}